{"id":1538,"date":"2016-04-01T11:35:17","date_gmt":"2016-04-01T15:35:17","guid":{"rendered":"http:\/\/lac-tremblant-nord.qc.ca\/en\/election-et-referendum\/"},"modified":"2025-10-03T16:53:02","modified_gmt":"2025-10-03T20:53:02","slug":"municipal-elections","status":"publish","type":"page","link":"https:\/\/lac-tremblant-nord.qc.ca\/en\/municipal-elections\/","title":{"rendered":"Municipal Elections"},"content":{"rendered":"<div class=\"wpb-content-wrapper\"><p>[vc_row][vc_column]<div class=\"c-cta-message\"><div class=\"c-content-box\"><div class=\"cta-inner\"><div class=\"cta-text\">\n<h2 style=\"text-align: center;\"><span style=\"color: #000000;\">MUNICIPAL ELECTIONS 2025<\/span><\/h2>\n<\/div><\/div><\/div><\/div><div class=\"c-alert-message m-info\"><i class=\"ico fa fa-info-circle\"><\/i><div class=\"alert-inner\"><strong>\u2192 Public notice regarding the results of the 2025 municipal election in Lac-Tremblant-Nord : <a href=\"https:\/\/lac-tremblant-nord.qc.ca\/wp-content\/uploads\/2025\/10\/AVIS-PUBLIC-PUBLIC-NOTICE-Resultat-delection-2025-2025-Election-Result.pdf\">PUBLIC NOTICE &#8211; 2025 Election Result<\/a><\/strong><\/p>\n<p>We invite everyone to read the attached notice for official details.<\/div><\/div><div class=\"c-cta-message\"><div class=\"c-content-box\"><div class=\"cta-inner\"><div class=\"cta-text\">\n<h2 style=\"text-align: center;\"><span style=\"color: #000000;\">DOCUMENTATION<\/span><\/h2>\n<\/div><\/div><\/div><\/div><div class=\"c-alert-message m-info\"><i class=\"ico fa fa-info-circle\"><\/i><div class=\"alert-inner\">\n<ul>\n<li><a href=\"https:\/\/cdn-contenu.quebec.ca\/cdn-contenu\/adm\/min\/affaires-municipales\/publications\/elections\/GUI_candidates_candidats.pdf\"><strong>Guide for candidates in the 2025 municipal general election (FRENCH)<\/strong><\/a><\/li>\n<li><a href=\"https:\/\/docs.electionsquebec.qc.ca\/MUN\/610d648b39c49\/DGE-1072-VF.pdf\"><strong>Simplified voter guide &#8211; \u00c9lections Qu\u00e9bec (FRENCH)<\/strong><\/a><\/li>\n<li><a href=\"https:\/\/cdn-contenu.quebec.ca\/cdn-contenu\/adm\/min\/affaires-municipales\/publications\/elections\/guide_accueil_elus_municipaux.pdf\"><strong>Welcome and reference guide for municipal elected officials (FRENCH)<\/strong><\/a><\/li>\n<\/ul>\n<\/div><\/div><div class=\"c-cta-message\"><div class=\"c-content-box\"><div class=\"cta-inner\"><div class=\"cta-text\">\n<h2 style=\"text-align: center;\"><span style=\"color: #000000;\">ADDITIONAL RESOURCES<\/span><\/h2>\n<\/div><\/div><\/div><\/div><div class=\"c-alert-message m-info\"><i class=\"ico fa fa-info-circle\"><\/i><div class=\"alert-inner\">\n<div style=\"color: #000000; text-align: justify;\">\n<p style=\"margin-bottom: 15px;\">For more information, please consult the following links:<\/p>\n<ul style=\"margin-top: 10px;\">\n<li><a href=\"https:\/\/www.quebec.ca\/gouvernement\/gestion-municipale\/organisation-municipale\/democratie-municipale\/elections-municipales\/elections-2025\"><strong>Official website &#8211; Government of Quebec &#8211; 2025 municipal elections<\/strong><\/a><\/li>\n<li><a href=\"https:\/\/www.electionsquebec.qc.ca\/\"><strong>Official website &#8211; Elections Quebec<\/strong><\/a><\/li>\n<li><a href=\"https:\/\/www.legisquebec.gouv.qc.ca\/en\/document\/lc\/e-2.2\"><strong>Act respecting elections and referendums in municipalities (LERM)<\/strong><\/a><\/li>\n<\/ul>\n<p style=\"margin-top: 20px; margin-bottom: 10px;\"><strong><u>Contact information of the president of election<\/u><\/strong><\/p>\n<p>Me Stephanie Carriere<br \/>\nMunicipality of Lac-Tremblant-Nord<br \/>\n819-425-8154<br \/>\n<a href=\"mailto:info@lac-tremblant-nord.qc.ca\">info@lac-tremblant-nord.qc.ca<\/a><\/p>\n<\/div>\n<\/div><\/div><div class=\"c-cta-message\"><div class=\"c-content-box\"><div class=\"cta-inner\"><div class=\"cta-text\">\n<h2 style=\"text-align: center;\"><strong>To be eligible to vote, you must be registered on the electoral list!<\/strong><\/h2>\n<\/div><\/div><\/div><\/div><div class=\"c-alert-message m-info\"><i class=\"ico fa fa-info-circle\"><\/i><div class=\"alert-inner\">\n<div style=\"color: #000000; text-align: justify;\">\n<p style=\"margin-bottom: 15px;\">In accordance with the <em>Loi sur les \u00e9lections et les r\u00e9f\u00e9rendums dans les municipalit\u00e9s<\/em>, to be eligible to be registered on the municipal electoral list, you must meet the following conditions:<\/p>\n<p><strong><u>Qualified elector<\/u><\/strong><\/p>\n<ul style=\"margin-top: 10px;\">\n<li>Be a natural person;<\/li>\n<li>Be 18 years old on polling day;<\/li>\n<\/ul>\n<p style=\"margin: 15px 0px; text-align: left;\"><strong><u>AND<\/u><\/strong><\/p>\n<p><strong><u>September 1st in the year of a general election, or at the time of a by-election, at the date on which the writ of election is published:<\/u><\/strong><\/p>\n<ul style=\"margin-top: 10px;\">\n<li>Be a Canadian citizen;<\/li>\n<li>Not be under curatorship;<\/li>\n<li>Not have been found guilty of an offence that is a corrupt electoral practice;<\/li>\n<\/ul>\n<p><strong><u>At that same date (September 1st or date of publication of the notice of election), you must meet one of the following two conditions:<\/u><\/strong><\/p>\n<ul>\n<li>Be domiciled in the municipality and have been domiciled in Qu\u00e9bec for at least six months;<\/li>\n<li>Have been, for at least 12 months, the owner of an immovable or the occupant of a business establishment situated on the territory of the municipality.<\/li>\n<li>A <strong>legal person<\/strong> (e.g., incorporated or limited company) <strong>is not entitled to be registered on the electoral list and is not entitled to vote in municipal council elections<\/strong> but does have the right to vote in a referendum.<\/li>\n<\/ul>\n<p style=\"margin: 20px 0 10px 0;\"><strong><em><u>Non-domiciled voters<\/u><\/em><\/strong><\/p>\n<ul>\n<li>An elector who is not domiciled in the municipality, but who is the <strong>owner of an immovable, or the occupant of a business establishment<\/strong> situated on the territory of the municipality, must transmit a signed writing to the municipality asking to have his name added to the list of electors.<\/li>\n<li>Persons who are <strong>co-owners of an immovable or co-occupants of a business establishment<\/strong> must designate from among themselves, by means of a power of attorney sent to the municipality, only one person who can be entered on the list of electors.<\/li>\n<\/ul>\n<p style=\"margin: 20px 0 10px 0;\"><strong><u>WHAT YOU MUST BRING TO VOTE<\/u><\/strong><\/p>\n<p>At the polling station, you must establish your identity by showing one of the following documents:<\/p>\n<ul style=\"margin-top: 10px;\">\n<li>Your health insurance card;<\/li>\n<li>Your driver&#8217;s licence;<\/li>\n<li>Your Canadian passport;<\/li>\n<li>Your Certificate of Indian Status;<\/li>\n<li>Your Canadian Forces identification card.<\/li>\n<\/ul>\n<\/div>\n<\/div><\/div><div class=\"c-cta-message\"><div class=\"c-content-box\"><div class=\"cta-inner\"><div class=\"cta-text\">\n<h2 style=\"text-align: center;\"><strong>VOTE BY MAIL<\/strong><\/h2>\n<\/div><\/div><\/div><\/div><div class=\"c-alert-message m-info\"><i class=\"ico fa fa-info-circle\"><\/i><div class=\"alert-inner\">\n<div style=\"color: #000000; text-align: justify;\">\n<p style=\"margin-bottom: 10px;\"><strong><u>Application for registration on the electoral list<\/u><\/strong><\/p>\n<ul style=\"margin-top: 10px;\">\n<li>Persons registered or entitled to be registered on the electoral list of the municipality of Lac-Tremblant-Nord in a capacity other than that of domiciled person, may vote by mail for a general election.<\/li>\n<li><strong>To avail themselves of this right, these persons must apply in writing to the returning officer.<\/strong><\/li>\n<\/ul>\n<p style=\"text-align: center; margin: 15px 0;\"><em>*Note to non-domiciled voters: a form has already been mailed to you.*<\/em><\/p>\n<p style=\"margin-bottom: 10px;\"><strong><u>Eligibility to vote by mail<\/u><\/strong><\/p>\n<ul style=\"margin-top: 10px;\">\n<li>You can vote by mail if you are in one of the following situations:<\/li>\n<\/ul>\n<ul style=\"margin-top: 10px; padding-left: 40px; list-style-type: circle;\">\n<li>Your domicile is not located in the territory of the municipality;<\/li>\n<li>Your domicile is located in the territory of the municipality;<\/li>\n<li>You are domiciled in an eligible health establishment;<\/li>\n<li>You are unable to travel for health reasons or you are a caregiver domiciled at the same address as such a person;<\/li>\n<li>You will be 70 years of age or older on polling day.<\/li>\n<\/ul>\n<p style=\"margin: 20px 0 10px 0;\"><strong><u>Reception of applications to vote by mail<\/u><\/strong><\/p>\n<ul style=\"margin-top: 10px;\">\n<li>To vote by mail, you must apply by contacting the returning officer.<\/li>\n<li>Any <strong>application to vote by mail<\/strong> must be <strong>received no later than the 11th day prior<\/strong> to the day set for the election.<\/li>\n<li>How you apply and the validity of your application will vary depending on your situation:<\/li>\n<\/ul>\n<ul style=\"margin-top: 10px; padding-left: 40px; list-style-type: circle;\">\n<li>If your domicile is not in the municipality, your application must be made in writing and will be kept for all elections and referendums following its receipt.<\/li>\n<li>If you are domiciled in the municipality and you must comply with an order or recommendation for isolation from public health authorities, your application may be verbal or written and will be valid for the current poll only.<\/li>\n<li>If you are in one of the above-listed situations, your application may be verbal or written and will be valid for the current poll and any recommenced proceedings arising from this poll.<\/li>\n<li>If you are registered to vote by mail and you have not received your ballot papers a few days after their sending, you can contact the returning officer to obtain new ones.<\/li>\n<\/ul>\n<p style=\"margin: 20px 0 10px 0;\"><strong><u>Processing of your ballots<\/u><\/strong><\/p>\n<ul style=\"margin-top: 10px;\">\n<li>Upon receipt of your envelope, the election officers will verify the validity of the required documents.<\/li>\n<li>If everything is in order, your secret envelope will remain sealed and will be placed in a ballot box.<\/li>\n<li>If any documents are missing, or if the photocopy of your ID is not correct, your secret envelope will go into the spoiled ballot box.<\/li>\n<\/ul>\n<p style=\"text-align: center; margin: 15px 0;\"><em><strong>We remind you that voting by mail is completely secure and that at all times we make sure to protect the secrecy of your vote.<\/strong><\/em><\/p>\n<\/div>\n<\/div><\/div>[\/vc_column][\/vc_row]<\/p>\n<\/div>","protected":false},"excerpt":{"rendered":"<p>[vc_row][vc_column][\/vc_column][\/vc_row]<\/p>\n","protected":false},"author":9,"featured_media":0,"parent":0,"menu_order":0,"comment_status":"closed","ping_status":"closed","template":"","meta":{"_acf_changed":false,"footnotes":""},"class_list":["post-1538","page","type-page","status-publish","hentry"],"acf":[],"yoast_head":"<!-- This site is optimized with the Yoast SEO plugin v27.3 - https:\/\/yoast.com\/product\/yoast-seo-wordpress\/ -->\n<title>Municipal Elections - Municipalit\u00e9 de Lac-Tremblant-Nord<\/title>\n<meta name=\"robots\" content=\"index, follow, max-snippet:-1, max-image-preview:large, max-video-preview:-1\" \/>\n<link rel=\"canonical\" href=\"https:\/\/lac-tremblant-nord.qc.ca\/en\/municipal-elections\/\" \/>\n<meta property=\"og:locale\" content=\"en_US\" \/>\n<meta property=\"og:type\" content=\"article\" \/>\n<meta property=\"og:title\" content=\"Municipal Elections - Municipalit\u00e9 de Lac-Tremblant-Nord\" \/>\n<meta property=\"og:description\" content=\"[vc_row][vc_column][\/vc_column][\/vc_row]\" \/>\n<meta property=\"og:url\" content=\"https:\/\/lac-tremblant-nord.qc.ca\/en\/municipal-elections\/\" \/>\n<meta property=\"og:site_name\" content=\"Municipalit\u00e9 de Lac-Tremblant-Nord\" \/>\n<meta property=\"article:modified_time\" content=\"2025-10-03T20:53:02+00:00\" \/>\n<meta name=\"twitter:card\" content=\"summary_large_image\" \/>\n<meta name=\"twitter:label1\" content=\"Est. reading time\" \/>\n\t<meta name=\"twitter:data1\" content=\"5 minutes\" \/>\n<script type=\"application\/ld+json\" class=\"yoast-schema-graph\">{\"@context\":\"https:\\\/\\\/schema.org\",\"@graph\":[{\"@type\":\"WebPage\",\"@id\":\"https:\\\/\\\/lac-tremblant-nord.qc.ca\\\/en\\\/municipal-elections\\\/\",\"url\":\"https:\\\/\\\/lac-tremblant-nord.qc.ca\\\/en\\\/municipal-elections\\\/\",\"name\":\"Municipal Elections - Municipalit\u00e9 de Lac-Tremblant-Nord\",\"isPartOf\":{\"@id\":\"https:\\\/\\\/lac-tremblant-nord.qc.ca\\\/#website\"},\"datePublished\":\"2016-04-01T15:35:17+00:00\",\"dateModified\":\"2025-10-03T20:53:02+00:00\",\"breadcrumb\":{\"@id\":\"https:\\\/\\\/lac-tremblant-nord.qc.ca\\\/en\\\/municipal-elections\\\/#breadcrumb\"},\"inLanguage\":\"en-US\",\"potentialAction\":[{\"@type\":\"ReadAction\",\"target\":[\"https:\\\/\\\/lac-tremblant-nord.qc.ca\\\/en\\\/municipal-elections\\\/\"]}]},{\"@type\":\"BreadcrumbList\",\"@id\":\"https:\\\/\\\/lac-tremblant-nord.qc.ca\\\/en\\\/municipal-elections\\\/#breadcrumb\",\"itemListElement\":[{\"@type\":\"ListItem\",\"position\":1,\"name\":\"Home\",\"item\":\"https:\\\/\\\/lac-tremblant-nord.qc.ca\\\/en\\\/home-2-2\\\/\"},{\"@type\":\"ListItem\",\"position\":2,\"name\":\"Municipal Elections\"}]},{\"@type\":\"WebSite\",\"@id\":\"https:\\\/\\\/lac-tremblant-nord.qc.ca\\\/#website\",\"url\":\"https:\\\/\\\/lac-tremblant-nord.qc.ca\\\/\",\"name\":\"Municipalit\u00e9 de Lac-Tremblant-Nord\",\"description\":\"\",\"potentialAction\":[{\"@type\":\"SearchAction\",\"target\":{\"@type\":\"EntryPoint\",\"urlTemplate\":\"https:\\\/\\\/lac-tremblant-nord.qc.ca\\\/?s={search_term_string}\"},\"query-input\":{\"@type\":\"PropertyValueSpecification\",\"valueRequired\":true,\"valueName\":\"search_term_string\"}}],\"inLanguage\":\"en-US\"}]}<\/script>\n<!-- \/ Yoast SEO plugin. -->","yoast_head_json":{"title":"Municipal Elections - Municipalit\u00e9 de Lac-Tremblant-Nord","robots":{"index":"index","follow":"follow","max-snippet":"max-snippet:-1","max-image-preview":"max-image-preview:large","max-video-preview":"max-video-preview:-1"},"canonical":"https:\/\/lac-tremblant-nord.qc.ca\/en\/municipal-elections\/","og_locale":"en_US","og_type":"article","og_title":"Municipal Elections - Municipalit\u00e9 de Lac-Tremblant-Nord","og_description":"[vc_row][vc_column][\/vc_column][\/vc_row]","og_url":"https:\/\/lac-tremblant-nord.qc.ca\/en\/municipal-elections\/","og_site_name":"Municipalit\u00e9 de Lac-Tremblant-Nord","article_modified_time":"2025-10-03T20:53:02+00:00","twitter_card":"summary_large_image","twitter_misc":{"Est. reading time":"5 minutes"},"schema":{"@context":"https:\/\/schema.org","@graph":[{"@type":"WebPage","@id":"https:\/\/lac-tremblant-nord.qc.ca\/en\/municipal-elections\/","url":"https:\/\/lac-tremblant-nord.qc.ca\/en\/municipal-elections\/","name":"Municipal Elections - Municipalit\u00e9 de Lac-Tremblant-Nord","isPartOf":{"@id":"https:\/\/lac-tremblant-nord.qc.ca\/#website"},"datePublished":"2016-04-01T15:35:17+00:00","dateModified":"2025-10-03T20:53:02+00:00","breadcrumb":{"@id":"https:\/\/lac-tremblant-nord.qc.ca\/en\/municipal-elections\/#breadcrumb"},"inLanguage":"en-US","potentialAction":[{"@type":"ReadAction","target":["https:\/\/lac-tremblant-nord.qc.ca\/en\/municipal-elections\/"]}]},{"@type":"BreadcrumbList","@id":"https:\/\/lac-tremblant-nord.qc.ca\/en\/municipal-elections\/#breadcrumb","itemListElement":[{"@type":"ListItem","position":1,"name":"Home","item":"https:\/\/lac-tremblant-nord.qc.ca\/en\/home-2-2\/"},{"@type":"ListItem","position":2,"name":"Municipal Elections"}]},{"@type":"WebSite","@id":"https:\/\/lac-tremblant-nord.qc.ca\/#website","url":"https:\/\/lac-tremblant-nord.qc.ca\/","name":"Municipalit\u00e9 de Lac-Tremblant-Nord","description":"","potentialAction":[{"@type":"SearchAction","target":{"@type":"EntryPoint","urlTemplate":"https:\/\/lac-tremblant-nord.qc.ca\/?s={search_term_string}"},"query-input":{"@type":"PropertyValueSpecification","valueRequired":true,"valueName":"search_term_string"}}],"inLanguage":"en-US"}]}},"_links":{"self":[{"href":"https:\/\/lac-tremblant-nord.qc.ca\/en\/wp-json\/wp\/v2\/pages\/1538","targetHints":{"allow":["GET"]}}],"collection":[{"href":"https:\/\/lac-tremblant-nord.qc.ca\/en\/wp-json\/wp\/v2\/pages"}],"about":[{"href":"https:\/\/lac-tremblant-nord.qc.ca\/en\/wp-json\/wp\/v2\/types\/page"}],"author":[{"embeddable":true,"href":"https:\/\/lac-tremblant-nord.qc.ca\/en\/wp-json\/wp\/v2\/users\/9"}],"replies":[{"embeddable":true,"href":"https:\/\/lac-tremblant-nord.qc.ca\/en\/wp-json\/wp\/v2\/comments?post=1538"}],"version-history":[{"count":27,"href":"https:\/\/lac-tremblant-nord.qc.ca\/en\/wp-json\/wp\/v2\/pages\/1538\/revisions"}],"predecessor-version":[{"id":12880,"href":"https:\/\/lac-tremblant-nord.qc.ca\/en\/wp-json\/wp\/v2\/pages\/1538\/revisions\/12880"}],"wp:attachment":[{"href":"https:\/\/lac-tremblant-nord.qc.ca\/en\/wp-json\/wp\/v2\/media?parent=1538"}],"curies":[{"name":"wp","href":"https:\/\/api.w.org\/{rel}","templated":true}]}}