{"id":1423,"date":"2016-03-31T15:40:30","date_gmt":"2016-03-31T19:40:30","guid":{"rendered":"http:\/\/lac-tremblant-nord.qc.ca\/en\/services-de-police\/"},"modified":"2026-02-20T15:06:32","modified_gmt":"2026-02-20T20:06:32","slug":"police","status":"publish","type":"page","link":"https:\/\/lac-tremblant-nord.qc.ca\/en\/police\/","title":{"rendered":"Police"},"content":{"rendered":"<div class=\"wpb-content-wrapper\"><p>[vc_row][vc_column][vc_column_text css=&#8221;&#8221;]As the municipality is part of the Mont-Tremblant agglomeration, residents of Lac-Tremblant-Nord are served by the S\u00fbret\u00e9 du Qu\u00e9bec (SQ).<\/p>\n<hr \/>\n<h2>Important phone numbers<\/h2>\n<p><strong>9-1-1<\/strong><br \/>\nFor EMERGENCIES ONLY, when a life is in danger or a crime is in progress.<\/p>\n<p><strong>819-425-2723<\/strong><br \/>\nTo contact the S\u00fbret\u00e9 du Qu\u00e9bec in a non-emergency situation (Mont-Tremblant station).<\/p>\n<p><strong>310-4141 \/ *4141<\/strong><br \/>\n**Contact the S\u00fbret\u00e9 du Qu\u00e9bec in a non-emergency situation: the 310-4141 and *4141 lines will be gradually deactivated as of June 1st, 2026.**<\/p>\n<p><strong>1-800-711-1800<\/strong><br \/>\nReport a crime anonymously : 1-800-711-1800 or online (<a href=\"https:\/\/echecaucrime.com\/en\/providing-information-online\/\">https:\/\/echecaucrime.com\/en\/providing-information-online\/<\/a>)<\/p>\n<p><strong>S\u00fbret\u00e9 du Qu\u00e9bec website:<\/strong> <a href=\"https:\/\/www.sq.gouv.qc.ca\/\">https:\/\/www.sq.gouv.qc.ca\/<\/a>[\/vc_column_text][\/vc_column][\/vc_row]<\/p>\n<\/div>","protected":false},"excerpt":{"rendered":"<p>[vc_row][vc_column][vc_column_text css=&#8221;&#8221;]As the municipality is part of the Mont-Tremblant agglomeration, residents of Lac-Tremblant-Nord are served by the S\u00fbret\u00e9 du Qu\u00e9bec (SQ). Important phone numbers 9-1-1 For EMERGENCIES ONLY, when a life is in danger or a crime is in progress. 819-425-2723 To contact the S\u00fbret\u00e9 du Qu\u00e9bec in a non-emergency situation (Mont-Tremblant station). 310-4141 \/ [&hellip;]<\/p>\n","protected":false},"author":9,"featured_media":0,"parent":0,"menu_order":0,"comment_status":"closed","ping_status":"closed","template":"","meta":{"_acf_changed":false,"footnotes":""},"class_list":["post-1423","page","type-page","status-publish","hentry"],"acf":[],"yoast_head":"<!-- This site is optimized with the Yoast SEO plugin v27.3 - https:\/\/yoast.com\/product\/yoast-seo-wordpress\/ -->\n<title>Police - Municipalit\u00e9 de Lac-Tremblant-Nord<\/title>\n<meta name=\"robots\" content=\"index, follow, max-snippet:-1, max-image-preview:large, max-video-preview:-1\" \/>\n<link rel=\"canonical\" href=\"https:\/\/lac-tremblant-nord.qc.ca\/en\/police\/\" \/>\n<meta property=\"og:locale\" content=\"en_US\" \/>\n<meta property=\"og:type\" content=\"article\" \/>\n<meta property=\"og:title\" content=\"Police - Municipalit\u00e9 de Lac-Tremblant-Nord\" \/>\n<meta property=\"og:description\" content=\"[vc_row][vc_column][vc_column_text css=&#8221;&#8221;]As the municipality is part of the Mont-Tremblant agglomeration, residents of Lac-Tremblant-Nord are served by the S\u00fbret\u00e9 du Qu\u00e9bec (SQ). Important phone numbers 9-1-1 For EMERGENCIES ONLY, when a life is in danger or a crime is in progress. 819-425-2723 To contact the S\u00fbret\u00e9 du Qu\u00e9bec in a non-emergency situation (Mont-Tremblant station). 310-4141 \/ [&hellip;]\" \/>\n<meta property=\"og:url\" content=\"https:\/\/lac-tremblant-nord.qc.ca\/en\/police\/\" \/>\n<meta property=\"og:site_name\" content=\"Municipalit\u00e9 de Lac-Tremblant-Nord\" \/>\n<meta property=\"article:modified_time\" content=\"2026-02-20T20:06:32+00:00\" \/>\n<meta name=\"twitter:card\" content=\"summary_large_image\" \/>\n<meta name=\"twitter:label1\" content=\"Est. reading time\" \/>\n\t<meta name=\"twitter:data1\" content=\"1 minute\" \/>\n<script type=\"application\/ld+json\" class=\"yoast-schema-graph\">{\"@context\":\"https:\\\/\\\/schema.org\",\"@graph\":[{\"@type\":\"WebPage\",\"@id\":\"https:\\\/\\\/lac-tremblant-nord.qc.ca\\\/en\\\/police\\\/\",\"url\":\"https:\\\/\\\/lac-tremblant-nord.qc.ca\\\/en\\\/police\\\/\",\"name\":\"Police - Municipalit\u00e9 de Lac-Tremblant-Nord\",\"isPartOf\":{\"@id\":\"https:\\\/\\\/lac-tremblant-nord.qc.ca\\\/#website\"},\"datePublished\":\"2016-03-31T19:40:30+00:00\",\"dateModified\":\"2026-02-20T20:06:32+00:00\",\"breadcrumb\":{\"@id\":\"https:\\\/\\\/lac-tremblant-nord.qc.ca\\\/en\\\/police\\\/#breadcrumb\"},\"inLanguage\":\"en-US\",\"potentialAction\":[{\"@type\":\"ReadAction\",\"target\":[\"https:\\\/\\\/lac-tremblant-nord.qc.ca\\\/en\\\/police\\\/\"]}]},{\"@type\":\"BreadcrumbList\",\"@id\":\"https:\\\/\\\/lac-tremblant-nord.qc.ca\\\/en\\\/police\\\/#breadcrumb\",\"itemListElement\":[{\"@type\":\"ListItem\",\"position\":1,\"name\":\"Home\",\"item\":\"https:\\\/\\\/lac-tremblant-nord.qc.ca\\\/en\\\/home-2-2\\\/\"},{\"@type\":\"ListItem\",\"position\":2,\"name\":\"Police\"}]},{\"@type\":\"WebSite\",\"@id\":\"https:\\\/\\\/lac-tremblant-nord.qc.ca\\\/#website\",\"url\":\"https:\\\/\\\/lac-tremblant-nord.qc.ca\\\/\",\"name\":\"Municipalit\u00e9 de Lac-Tremblant-Nord\",\"description\":\"\",\"potentialAction\":[{\"@type\":\"SearchAction\",\"target\":{\"@type\":\"EntryPoint\",\"urlTemplate\":\"https:\\\/\\\/lac-tremblant-nord.qc.ca\\\/?s={search_term_string}\"},\"query-input\":{\"@type\":\"PropertyValueSpecification\",\"valueRequired\":true,\"valueName\":\"search_term_string\"}}],\"inLanguage\":\"en-US\"}]}<\/script>\n<!-- \/ Yoast SEO plugin. -->","yoast_head_json":{"title":"Police - Municipalit\u00e9 de Lac-Tremblant-Nord","robots":{"index":"index","follow":"follow","max-snippet":"max-snippet:-1","max-image-preview":"max-image-preview:large","max-video-preview":"max-video-preview:-1"},"canonical":"https:\/\/lac-tremblant-nord.qc.ca\/en\/police\/","og_locale":"en_US","og_type":"article","og_title":"Police - Municipalit\u00e9 de Lac-Tremblant-Nord","og_description":"[vc_row][vc_column][vc_column_text css=&#8221;&#8221;]As the municipality is part of the Mont-Tremblant agglomeration, residents of Lac-Tremblant-Nord are served by the S\u00fbret\u00e9 du Qu\u00e9bec (SQ). Important phone numbers 9-1-1 For EMERGENCIES ONLY, when a life is in danger or a crime is in progress. 819-425-2723 To contact the S\u00fbret\u00e9 du Qu\u00e9bec in a non-emergency situation (Mont-Tremblant station). 310-4141 \/ [&hellip;]","og_url":"https:\/\/lac-tremblant-nord.qc.ca\/en\/police\/","og_site_name":"Municipalit\u00e9 de Lac-Tremblant-Nord","article_modified_time":"2026-02-20T20:06:32+00:00","twitter_card":"summary_large_image","twitter_misc":{"Est. reading time":"1 minute"},"schema":{"@context":"https:\/\/schema.org","@graph":[{"@type":"WebPage","@id":"https:\/\/lac-tremblant-nord.qc.ca\/en\/police\/","url":"https:\/\/lac-tremblant-nord.qc.ca\/en\/police\/","name":"Police - Municipalit\u00e9 de Lac-Tremblant-Nord","isPartOf":{"@id":"https:\/\/lac-tremblant-nord.qc.ca\/#website"},"datePublished":"2016-03-31T19:40:30+00:00","dateModified":"2026-02-20T20:06:32+00:00","breadcrumb":{"@id":"https:\/\/lac-tremblant-nord.qc.ca\/en\/police\/#breadcrumb"},"inLanguage":"en-US","potentialAction":[{"@type":"ReadAction","target":["https:\/\/lac-tremblant-nord.qc.ca\/en\/police\/"]}]},{"@type":"BreadcrumbList","@id":"https:\/\/lac-tremblant-nord.qc.ca\/en\/police\/#breadcrumb","itemListElement":[{"@type":"ListItem","position":1,"name":"Home","item":"https:\/\/lac-tremblant-nord.qc.ca\/en\/home-2-2\/"},{"@type":"ListItem","position":2,"name":"Police"}]},{"@type":"WebSite","@id":"https:\/\/lac-tremblant-nord.qc.ca\/#website","url":"https:\/\/lac-tremblant-nord.qc.ca\/","name":"Municipalit\u00e9 de Lac-Tremblant-Nord","description":"","potentialAction":[{"@type":"SearchAction","target":{"@type":"EntryPoint","urlTemplate":"https:\/\/lac-tremblant-nord.qc.ca\/?s={search_term_string}"},"query-input":{"@type":"PropertyValueSpecification","valueRequired":true,"valueName":"search_term_string"}}],"inLanguage":"en-US"}]}},"_links":{"self":[{"href":"https:\/\/lac-tremblant-nord.qc.ca\/en\/wp-json\/wp\/v2\/pages\/1423","targetHints":{"allow":["GET"]}}],"collection":[{"href":"https:\/\/lac-tremblant-nord.qc.ca\/en\/wp-json\/wp\/v2\/pages"}],"about":[{"href":"https:\/\/lac-tremblant-nord.qc.ca\/en\/wp-json\/wp\/v2\/types\/page"}],"author":[{"embeddable":true,"href":"https:\/\/lac-tremblant-nord.qc.ca\/en\/wp-json\/wp\/v2\/users\/9"}],"replies":[{"embeddable":true,"href":"https:\/\/lac-tremblant-nord.qc.ca\/en\/wp-json\/wp\/v2\/comments?post=1423"}],"version-history":[{"count":19,"href":"https:\/\/lac-tremblant-nord.qc.ca\/en\/wp-json\/wp\/v2\/pages\/1423\/revisions"}],"predecessor-version":[{"id":13281,"href":"https:\/\/lac-tremblant-nord.qc.ca\/en\/wp-json\/wp\/v2\/pages\/1423\/revisions\/13281"}],"wp:attachment":[{"href":"https:\/\/lac-tremblant-nord.qc.ca\/en\/wp-json\/wp\/v2\/media?parent=1423"}],"curies":[{"name":"wp","href":"https:\/\/api.w.org\/{rel}","templated":true}]}}