{"id":10411,"date":"2023-12-13T11:10:15","date_gmt":"2023-12-13T16:10:15","guid":{"rendered":"https:\/\/lac-tremblant-nord.qc.ca\/?page_id=10411"},"modified":"2025-12-05T11:44:31","modified_gmt":"2025-12-05T16:44:31","slug":"protected-area-project-lac-tremblant-nord","status":"publish","type":"page","link":"https:\/\/lac-tremblant-nord.qc.ca\/en\/protected-area-project-lac-tremblant-nord\/","title":{"rendered":"Protected Area Project &#8211; Lac-Tremblant-Nord"},"content":{"rendered":"<div class=\"wpb-content-wrapper\"><p>[vc_row][vc_column]<div class=\"c-slider\" data-autoplay=\"3000\"><div class=\"slide-list\"><div class=\"slide\" style=\"background-image: url( 'https:\/\/lac-tremblant-nord.qc.ca\/wp-content\/uploads\/2024\/04\/DJI_0232-scaled.jpg' );\"><div class=\"slide-bg\"><div class=\"slide-inner\"><div class=\"slide-content valign-middle\" style=\"height: 365px;\"><\/div><\/div><\/div><\/div><div class=\"slide\" style=\"background-image: url( 'https:\/\/lac-tremblant-nord.qc.ca\/wp-content\/uploads\/2025\/01\/DJI_0261-scaled.jpg' );\"><div class=\"slide-bg\"><div class=\"slide-inner\"><div class=\"slide-content valign-middle\" style=\"height: 365px;\"><\/div><\/div><\/div><\/div><div class=\"slide\" style=\"background-image: url( 'https:\/\/lac-tremblant-nord.qc.ca\/wp-content\/uploads\/2025\/03\/LAND-20-scaled.jpg' );\"><div class=\"slide-bg\"><div class=\"slide-inner\"><div class=\"slide-content valign-middle\" style=\"height: 365px;\"><\/div><\/div><\/div><\/div><div class=\"slide\" style=\"background-image: url( 'https:\/\/lac-tremblant-nord.qc.ca\/wp-content\/uploads\/2025\/03\/LAND-25-scaled.jpg' );\"><div class=\"slide-bg\"><div class=\"slide-inner\"><div class=\"slide-content valign-middle\" style=\"height: 365px;\"><\/div><\/div><\/div><\/div><div class=\"slide\" style=\"background-image: url( 'https:\/\/lac-tremblant-nord.qc.ca\/wp-content\/uploads\/2024\/04\/DJI_0257-scaled.jpg' );\"><div class=\"slide-bg\"><div class=\"slide-inner\"><div class=\"slide-content valign-middle\" style=\"height: 365px;\"><\/div><\/div><\/div><\/div><div class=\"slide\" style=\"background-image: url( 'https:\/\/lac-tremblant-nord.qc.ca\/wp-content\/uploads\/2024\/04\/DJI_0221-scaled.jpg' );\"><div class=\"slide-bg\"><div class=\"slide-inner\"><div class=\"slide-content valign-middle\" style=\"height: 365px;\"><\/div><\/div><\/div><\/div><div class=\"slide\" style=\"background-image: url( 'https:\/\/lac-tremblant-nord.qc.ca\/wp-content\/uploads\/2025\/03\/LAND-26-scaled.jpg' );\"><div class=\"slide-bg\"><div class=\"slide-inner\"><div class=\"slide-content valign-middle\" style=\"height: 365px;\"><\/div><\/div><\/div><\/div><div class=\"slide\" style=\"background-image: url( 'https:\/\/lac-tremblant-nord.qc.ca\/wp-content\/uploads\/2024\/04\/DJI_0254-scaled.jpg' );\"><div class=\"slide-bg\"><div class=\"slide-inner\"><div class=\"slide-content valign-middle\" style=\"height: 365px;\"><\/div><\/div><\/div><\/div><div class=\"slide\" style=\"background-image: url( 'https:\/\/lac-tremblant-nord.qc.ca\/wp-content\/uploads\/2023\/12\/img1.jpg' );\"><div class=\"slide-bg\"><div class=\"slide-inner\"><div class=\"slide-content valign-middle\" style=\"height: 365px;\"><\/div><\/div><\/div><\/div><\/div><\/div>[vc_column_text css=&#8221;&#8221;]<\/p>\n<h4 style=\"text-align: center;\"><strong><u>PROJECT TO CREATE A PROTECTED AREA AND REINFORCE AN ECOLOGICAL CORRIDOR<\/u><\/strong><\/h4>\n<p style=\"text-align: center;\"><strong><em>Protecting the rich ecosystems of Lac-Tremblant-Nord<\/em><\/strong><\/p>\n<p>As early as 1915, protection of Lac-Tremblant-Nord&#8217;s landscape was enshrined in the charter that led to its creation, thus consecrating the protection of its natural heritage, which continues to this day. The municipality is eager to pursue its conservation efforts in response to the concerns expressed by its citizens regarding the protection of the environment and biodiversity.<\/p>\n<p>The municipal territory is home to lakes with excellent water quality, maple stands, the majority of which are over 80 years old, and species with precarious status that are currently unprotected. In addition, Lac-Tremblant-Nord currently boasts three (3) protected areas recognized by the <em>Registre des aires prot\u00e9g\u00e9es du Qu\u00e9bec<\/em>, making it a natural environment of great interest to the community.<\/p>\n<p>As part of <strong><a href=\"https:\/\/snapquebec.org\/en\/our-work\/southern-quebec\/plein-aire-en\/\">SNAP Qu\u00e9bec&#8217;s <em>Plein aire &#8211; Pour des territoires vivants et prot\u00e9g\u00e9s<\/em><\/a><\/strong> initiative, financially supported by the Minist\u00e8re de l&#8217;Environnement, de la Lutte contre les changements climatiques, de la Faune et des Parcs (MELCCFP), the municipality has initiated, in collaboration with <em>Les Amis de Lac-Tremblant-Nord<\/em>, <em>SNAP Qu\u00e9bec<\/em> and <em>\u00c9co-corridors laurentiens<\/em>, a project to create a protected area and strengthen an ecological corridor on its public territory.<\/p>\n<p>With the goal of protecting 30% of Quebec&#8217;s territory by 2030, the Quebec government has launched a call for projects entitled <a href=\"https:\/\/snapquebec.org\/en\/makeyourmark\/\"><strong><em>Make your mark<\/em><\/strong><\/a>, which aims to support conservation initiatives to increase the number of protected areas in Quebec.<\/p>\n<p>In response to this initiative, Lac-Tremblant-Nord submitted a proposal for a protected area project in October 2024, reflecting both the recommendations of our various partners and the comments received from our population regarding the municipality&#8217;s conservation vision.[\/vc_column_text]<div class=\"c-alert-message m-info\"><i class=\"ico fa fa-info-circle\"><\/i><div class=\"alert-inner\">\n<h4 style=\"text-align: center;\"><strong><u>DOCUMENTATION ON THE PROJECT<\/u><\/strong><\/h4>\n<ul>\n<li><strong><a href=\"https:\/\/lac-tremblant-nord.qc.ca\/wp-content\/uploads\/2025\/03\/Summary_Protected-area-project.pdf\">Summary &#8211; Protected area project in Lac-Tremblant-Nord<\/a><\/strong><\/li>\n<li><strong><a href=\"https:\/\/lac-tremblant-nord.qc.ca\/wp-content\/uploads\/2025\/03\/EN_Map_Protected-area-project.pdf\">Map &#8211; Protected area project in Lac-Tremblant-Nord<\/a><\/strong><\/li>\n<li><strong><a href=\"https:\/\/lac-tremblant-nord.qc.ca\/wp-content\/uploads\/2024\/05\/Presentation-Projet-daire-protegee-a-Lac-Tremblant-Nord.pdf\">Presentation (FRENCH) &#8211; Protected Area Project in Lac-Tremblant-Nord<\/a><\/strong><\/li>\n<li><strong><a href=\"https:\/\/lac-tremblant-nord.qc.ca\/wp-content\/uploads\/2023\/11\/Communique-de-presse_Projet-Plein-Aire_Lac-Tremblant-Nord_2023.pdf\">Press release\u00a0 (FRENCH) &#8211; Preliminary deposit of the project to the MELCCFP<\/a><\/strong><\/li>\n<li><strong><a href=\"https:\/\/www.youtube.com\/watch?v=2TmSeyXCEGs\">Video (\u00c9co-corridors laurentiens) &#8211; For a connected 30% in the Laurentians<\/a><\/strong><\/li>\n<li><a href=\"https:\/\/www.youtube.com\/watch?v=D5Xuo1NYa8w\"><strong>Video (SNAP Quebec) &#8211;\u00a0Call for protected area projects \u2013 Laurentian region<\/strong><\/a><\/li>\n<\/ul>\n<\/div><\/div><div class=\"c-alert-message m-notification\"><i class=\"ico fa fa-question-circle\"><\/i><div class=\"alert-inner\">\n<h4 style=\"text-align: center;\"><strong><u>LAC-TREMBLANT-NORD NATURAL ENVIRONMENT CONSERVATION PLAN<\/u><\/strong><\/h4>\n<ul>\n<li><strong><a href=\"https:\/\/lac-tremblant-nord.qc.ca\/wp-content\/uploads\/2025\/05\/Communique-de-presse-Plan-de-conservation-Partenariat-avec-la-Fondation-de-la-Faune-du-Quebec.pdf\">Press release &#8211; Conservation Plan &#8211; Partnership with the Fondation de la Faune du Qu\u00e9bec (FRENCH)<\/a><\/strong><\/li>\n<li><strong><a href=\"https:\/\/lac-tremblant-nord.qc.ca\/wp-content\/uploads\/2025\/04\/Plan-de-conservation-des-milieux-naturels-de-Lac-Tremblant-Nord.pdf\">Lac-Tremblant-Nord Natural Environment Conservation Plan (FRENCH)<\/a><\/strong><\/li>\n<\/ul>\n<\/div><\/div>[\/vc_column][\/vc_row][vc_row][vc_column][vc_column_text]<\/p>\n<h4 style=\"text-align: center;\"><strong><u>VISION OF THE PROJECT<\/u><\/strong><\/h4>\n<p><img decoding=\"async\" class=\"size-medium wp-image-10432 aligncenter\" src=\"https:\/\/lac-tremblant-nord.qc.ca\/wp-content\/uploads\/2023\/12\/img1.jpg\" alt=\"\" width=\"100%\" \/><\/p>\n<p>Benefiting from the strategic guidance and financial support of <em>SNAP Qu\u00e9bec<\/em>, this project&#8217;s mission is to :<\/p>\n<ol>\n<li><strong>Ensure the protection of biodiversity and preserve the integrity of ecosystems and landscapes <\/strong>(notably wetlands, flora and fauna, water quality in lakes, rivers and fish habitats);<\/li>\n<li>The project aims to <strong>protect the territory, (re)connect with nature and maintain accessibility to nature<\/strong> for the community (outdoor activities);<\/li>\n<li>The project aims to <strong>increase the size of protected territory<\/strong> in Lac-Tremblant-Nord and <strong>reinforce the level and quality of land protection<\/strong>.<\/li>\n<\/ol>\n<p>[\/vc_column_text][\/vc_column][\/vc_row][vc_row][vc_column][vc_column_text css=&#8221;&#8221;]<\/p>\n<h4 style=\"text-align: center;\"><strong><u>PROJECT OBJECTIVES<\/u><\/strong><\/h4>\n<p><img decoding=\"async\" class=\"size-medium wp-image-10432 aligncenter\" src=\"https:\/\/lac-tremblant-nord.qc.ca\/wp-content\/uploads\/2023\/12\/img3.jpg\" alt=\"\" width=\"100%\" \/><\/p>\n<ol>\n<li><strong>Obtain a protected area status under the <em>Loi sur la conservation du patrimoine naturel <\/em>&#8211; i.e., biodiversity reserve status &#8211; <\/strong>for all public lands west of the municipality, including the Lac Tremblant white-tailed deer containment area and the existing protected areas of the Lac-Tremblant old-growth forest and biological refuge 06152R002;<\/li>\n<li><strong>The recognition of five (5) lots held by the municipality (1.21 km<sup>2<\/sup>) as a <em>\u00ab <\/em>nature reserve <em>\u00bb <\/em>or <em>\u00ab <\/em>voluntary conservation areas <em>\u00bb<\/em>. <\/strong>The recognition of these lots will be done through the creation of a conservation land trust (social utility trust (SUT));<\/li>\n<li><strong>Contribute to the regional ecological connectivity effort by strengthening the ecological corridor <\/strong>linking Parc national d&#8217;Oka to Parc national du Mont-Tremblant, in partnership with <em>\u00c9co-corridors laurentiens<\/em>, which will consolidate connectivity between the two major national parks and protect biodiversity;<\/li>\n<li>Elaboration of a <a href=\"https:\/\/acrobat.adobe.com\/id\/urn:aaid:sc:VA6C2:67b94e8a-539e-4141-8c17-f2c3e3f1268c\"><strong>conservation plan<\/strong><\/a> for the municipality&#8217;s territory.<\/li>\n<\/ol>\n<p style=\"text-align: center;\"><strong><u>These actions would allow a gain of 2,81 km<sup>2<\/sup> of protected territory, the equivalent of 10,1 % of the municipality&#8217;s territory, and ultimately, more than 72,4 % of the territory of Lac-Tremblant-Nord would be protected.<\/u><\/strong><\/p>\n<p>[\/vc_column_text][\/vc_column][\/vc_row][vc_row][vc_column][vc_column_text css=&#8221;&#8221;]<\/p>\n<h4 style=\"text-align: center;\"><strong><u>PARTNERS IN THE PROJECT<\/u><\/strong><\/h4>\n<ul>\n<li><strong><a href=\"https:\/\/snapquebec.org\/en\/\">SNAP Qu\u00e9bec<\/a><\/strong> (strategic guidance and financial support)<\/li>\n<li><a href=\"https:\/\/ecocorridorslaurentiens.org\/\"><strong>\u00c9co-corridors laurentiens<\/strong><\/a> (strategic and technical support)<\/li>\n<li><a href=\"https:\/\/www.les-amis-de-lac-tremblant-nord.com\/t-fr-ca\"><strong>Les Amis de Lac-Tremblant-Nord<\/strong><\/a> (strategic and technical support)<\/li>\n<li><strong><a href=\"https:\/\/fondationdelafaune.qc.ca\/\">Fondation de la faune du Qu\u00e9bec<\/a> <\/strong>(financial support)<\/li>\n<li><a href=\"https:\/\/www.environnement.gouv.qc.ca\/index_en.asp\"><strong>Ministry of the Environment, Climate Change, Wildlife and Parks<\/strong><\/a> (financial support)<\/li>\n<\/ul>\n<p>[\/vc_column_text][\/vc_column][\/vc_row][vc_row disable_element=&#8221;yes&#8221;][vc_column][vc_column_text]<\/p>\n<h4 style=\"text-align: center;\"><strong><u>APPUIS AU PROJET<\/u><\/strong><\/h4>\n<p>La municipalit\u00e9 a re\u00e7u de nombreux appuis locaux et r\u00e9gionaux dans le cadre de son projet d&#8217;aire prot\u00e9g\u00e9e, soit :<\/p>\n<ul>\n<li>Association pour la protection du lac Gervais<\/li>\n<li>Association pour la protection du lac Bibite<\/li>\n<li>Association du Domaine de la Tranquillit\u00e9<\/li>\n<li>Club de randonn\u00e9e et de raquette de Lac-Tremblant-Nord (R2LTN)<\/li>\n<li>Coalition Conservation Mont-Kaaikop<\/li>\n<li>Conservation de la nature Canada<\/li>\n<li>CRE Laurentides<\/li>\n<li>Conservation Laurentides<\/li>\n<li>\u00c9co-Corridors laurentiens<\/li>\n<li>Les Amis de Lac-Tremblant-Nord<\/li>\n<li>Mme Marie-H\u00e9l\u00e8ne Gaudreau, d\u00e9put\u00e9e f\u00e9d\u00e9rale de Laurentides-Labelle<\/li>\n<li>Municipalit\u00e9 de Labelle<\/li>\n<li>Municipalit\u00e9 de La Conception<\/li>\n<li>MRC des Laurentides<\/li>\n<li>OBV Rivi\u00e8res Rouge, Petite Nation et Saumon (OBV-RPNS)<\/li>\n<li>Pr\u00e9servation Lac-Tremblant-Nord (PLTN)<\/li>\n<li>S\u00c9PAQ<\/li>\n<li>Ville de Mont-Tremblant<\/li>\n<\/ul>\n<p>Afin de pr\u00e9senter le projet aux citoyen(ne)s de Lac-Tremblant-Nord et recueillir leurs commentaires par rapport \u00e0 celui-ci, la municipalit\u00e9 a tenu deux s\u00e9ances de consultations \u00e0 l\u2019\u00e9t\u00e9 2023.<\/p>\n<p>Lors de ces s\u00e9ances marqu\u00e9es par une tr\u00e8s forte participation citoyenne, en plus d\u2019une pr\u00e9sentation compl\u00e8te du projet, les citoyen(ne)s de Lac-Tremblant-Nord ont \u00e9galement pu interagir avec diff\u00e9rents intervenants de SNAP Qu\u00e9bec et d\u2019\u00c9co-corridors laurentiens afin de poser leurs questions par rapport au projet.[\/vc_column_text][\/vc_column][\/vc_row]<\/p>\n<\/div>","protected":false},"excerpt":{"rendered":"<p>[vc_row][vc_column][vc_column_text css=&#8221;&#8221;] PROJECT TO CREATE A PROTECTED AREA AND REINFORCE AN ECOLOGICAL CORRIDOR Protecting the rich ecosystems of Lac-Tremblant-Nord As early as 1915, protection of Lac-Tremblant-Nord&#8217;s landscape was enshrined in the charter that led to its creation, thus consecrating the protection of its natural heritage, which continues to this day. The municipality is eager to [&hellip;]<\/p>\n","protected":false},"author":9,"featured_media":0,"parent":0,"menu_order":0,"comment_status":"closed","ping_status":"closed","template":"","meta":{"_acf_changed":false,"footnotes":""},"class_list":["post-10411","page","type-page","status-publish","hentry"],"acf":[],"yoast_head":"<!-- This site is optimized with the Yoast SEO plugin v27.5 - https:\/\/yoast.com\/product\/yoast-seo-wordpress\/ -->\n<title>Protected Area Project - Lac-Tremblant-Nord - Municipalit\u00e9 de Lac-Tremblant-Nord<\/title>\n<meta name=\"robots\" content=\"index, follow, max-snippet:-1, max-image-preview:large, max-video-preview:-1\" \/>\n<link rel=\"canonical\" href=\"https:\/\/lac-tremblant-nord.qc.ca\/en\/protected-area-project-lac-tremblant-nord\/\" \/>\n<meta property=\"og:locale\" content=\"en_US\" \/>\n<meta property=\"og:type\" content=\"article\" \/>\n<meta property=\"og:title\" content=\"Protected Area Project - Lac-Tremblant-Nord - Municipalit\u00e9 de Lac-Tremblant-Nord\" \/>\n<meta property=\"og:description\" content=\"[vc_row][vc_column][vc_column_text css=&#8221;&#8221;] PROJECT TO CREATE A PROTECTED AREA AND REINFORCE AN ECOLOGICAL CORRIDOR Protecting the rich ecosystems of Lac-Tremblant-Nord As early as 1915, protection of Lac-Tremblant-Nord&#8217;s landscape was enshrined in the charter that led to its creation, thus consecrating the protection of its natural heritage, which continues to this day. The municipality is eager to [&hellip;]\" \/>\n<meta property=\"og:url\" content=\"https:\/\/lac-tremblant-nord.qc.ca\/en\/protected-area-project-lac-tremblant-nord\/\" \/>\n<meta property=\"og:site_name\" content=\"Municipalit\u00e9 de Lac-Tremblant-Nord\" \/>\n<meta property=\"article:modified_time\" content=\"2025-12-05T16:44:31+00:00\" \/>\n<meta name=\"twitter:card\" content=\"summary_large_image\" \/>\n<meta name=\"twitter:label1\" content=\"Est. reading time\" \/>\n\t<meta name=\"twitter:data1\" content=\"5 minutes\" \/>\n<script type=\"application\/ld+json\" class=\"yoast-schema-graph\">{\"@context\":\"https:\\\/\\\/schema.org\",\"@graph\":[{\"@type\":\"WebPage\",\"@id\":\"https:\\\/\\\/lac-tremblant-nord.qc.ca\\\/en\\\/protected-area-project-lac-tremblant-nord\\\/\",\"url\":\"https:\\\/\\\/lac-tremblant-nord.qc.ca\\\/en\\\/protected-area-project-lac-tremblant-nord\\\/\",\"name\":\"Protected Area Project - Lac-Tremblant-Nord - Municipalit\u00e9 de Lac-Tremblant-Nord\",\"isPartOf\":{\"@id\":\"https:\\\/\\\/lac-tremblant-nord.qc.ca\\\/#website\"},\"primaryImageOfPage\":{\"@id\":\"https:\\\/\\\/lac-tremblant-nord.qc.ca\\\/en\\\/protected-area-project-lac-tremblant-nord\\\/#primaryimage\"},\"image\":{\"@id\":\"https:\\\/\\\/lac-tremblant-nord.qc.ca\\\/en\\\/protected-area-project-lac-tremblant-nord\\\/#primaryimage\"},\"thumbnailUrl\":\"https:\\\/\\\/lac-tremblant-nord.qc.ca\\\/wp-content\\\/uploads\\\/2023\\\/12\\\/img1.jpg\",\"datePublished\":\"2023-12-13T16:10:15+00:00\",\"dateModified\":\"2025-12-05T16:44:31+00:00\",\"breadcrumb\":{\"@id\":\"https:\\\/\\\/lac-tremblant-nord.qc.ca\\\/en\\\/protected-area-project-lac-tremblant-nord\\\/#breadcrumb\"},\"inLanguage\":\"en-US\",\"potentialAction\":[{\"@type\":\"ReadAction\",\"target\":[\"https:\\\/\\\/lac-tremblant-nord.qc.ca\\\/en\\\/protected-area-project-lac-tremblant-nord\\\/\"]}]},{\"@type\":\"ImageObject\",\"inLanguage\":\"en-US\",\"@id\":\"https:\\\/\\\/lac-tremblant-nord.qc.ca\\\/en\\\/protected-area-project-lac-tremblant-nord\\\/#primaryimage\",\"url\":\"https:\\\/\\\/lac-tremblant-nord.qc.ca\\\/wp-content\\\/uploads\\\/2023\\\/12\\\/img1.jpg\",\"contentUrl\":\"https:\\\/\\\/lac-tremblant-nord.qc.ca\\\/wp-content\\\/uploads\\\/2023\\\/12\\\/img1.jpg\"},{\"@type\":\"BreadcrumbList\",\"@id\":\"https:\\\/\\\/lac-tremblant-nord.qc.ca\\\/en\\\/protected-area-project-lac-tremblant-nord\\\/#breadcrumb\",\"itemListElement\":[{\"@type\":\"ListItem\",\"position\":1,\"name\":\"Home\",\"item\":\"https:\\\/\\\/lac-tremblant-nord.qc.ca\\\/en\\\/home-2-2\\\/\"},{\"@type\":\"ListItem\",\"position\":2,\"name\":\"Protected Area Project &#8211; Lac-Tremblant-Nord\"}]},{\"@type\":\"WebSite\",\"@id\":\"https:\\\/\\\/lac-tremblant-nord.qc.ca\\\/#website\",\"url\":\"https:\\\/\\\/lac-tremblant-nord.qc.ca\\\/\",\"name\":\"Municipalit\u00e9 de Lac-Tremblant-Nord\",\"description\":\"\",\"potentialAction\":[{\"@type\":\"SearchAction\",\"target\":{\"@type\":\"EntryPoint\",\"urlTemplate\":\"https:\\\/\\\/lac-tremblant-nord.qc.ca\\\/?s={search_term_string}\"},\"query-input\":{\"@type\":\"PropertyValueSpecification\",\"valueRequired\":true,\"valueName\":\"search_term_string\"}}],\"inLanguage\":\"en-US\"}]}<\/script>\n<!-- \/ Yoast SEO plugin. -->","yoast_head_json":{"title":"Protected Area Project - Lac-Tremblant-Nord - Municipalit\u00e9 de Lac-Tremblant-Nord","robots":{"index":"index","follow":"follow","max-snippet":"max-snippet:-1","max-image-preview":"max-image-preview:large","max-video-preview":"max-video-preview:-1"},"canonical":"https:\/\/lac-tremblant-nord.qc.ca\/en\/protected-area-project-lac-tremblant-nord\/","og_locale":"en_US","og_type":"article","og_title":"Protected Area Project - Lac-Tremblant-Nord - Municipalit\u00e9 de Lac-Tremblant-Nord","og_description":"[vc_row][vc_column][vc_column_text css=&#8221;&#8221;] PROJECT TO CREATE A PROTECTED AREA AND REINFORCE AN ECOLOGICAL CORRIDOR Protecting the rich ecosystems of Lac-Tremblant-Nord As early as 1915, protection of Lac-Tremblant-Nord&#8217;s landscape was enshrined in the charter that led to its creation, thus consecrating the protection of its natural heritage, which continues to this day. The municipality is eager to [&hellip;]","og_url":"https:\/\/lac-tremblant-nord.qc.ca\/en\/protected-area-project-lac-tremblant-nord\/","og_site_name":"Municipalit\u00e9 de Lac-Tremblant-Nord","article_modified_time":"2025-12-05T16:44:31+00:00","twitter_card":"summary_large_image","twitter_misc":{"Est. reading time":"5 minutes"},"schema":{"@context":"https:\/\/schema.org","@graph":[{"@type":"WebPage","@id":"https:\/\/lac-tremblant-nord.qc.ca\/en\/protected-area-project-lac-tremblant-nord\/","url":"https:\/\/lac-tremblant-nord.qc.ca\/en\/protected-area-project-lac-tremblant-nord\/","name":"Protected Area Project - Lac-Tremblant-Nord - Municipalit\u00e9 de Lac-Tremblant-Nord","isPartOf":{"@id":"https:\/\/lac-tremblant-nord.qc.ca\/#website"},"primaryImageOfPage":{"@id":"https:\/\/lac-tremblant-nord.qc.ca\/en\/protected-area-project-lac-tremblant-nord\/#primaryimage"},"image":{"@id":"https:\/\/lac-tremblant-nord.qc.ca\/en\/protected-area-project-lac-tremblant-nord\/#primaryimage"},"thumbnailUrl":"https:\/\/lac-tremblant-nord.qc.ca\/wp-content\/uploads\/2023\/12\/img1.jpg","datePublished":"2023-12-13T16:10:15+00:00","dateModified":"2025-12-05T16:44:31+00:00","breadcrumb":{"@id":"https:\/\/lac-tremblant-nord.qc.ca\/en\/protected-area-project-lac-tremblant-nord\/#breadcrumb"},"inLanguage":"en-US","potentialAction":[{"@type":"ReadAction","target":["https:\/\/lac-tremblant-nord.qc.ca\/en\/protected-area-project-lac-tremblant-nord\/"]}]},{"@type":"ImageObject","inLanguage":"en-US","@id":"https:\/\/lac-tremblant-nord.qc.ca\/en\/protected-area-project-lac-tremblant-nord\/#primaryimage","url":"https:\/\/lac-tremblant-nord.qc.ca\/wp-content\/uploads\/2023\/12\/img1.jpg","contentUrl":"https:\/\/lac-tremblant-nord.qc.ca\/wp-content\/uploads\/2023\/12\/img1.jpg"},{"@type":"BreadcrumbList","@id":"https:\/\/lac-tremblant-nord.qc.ca\/en\/protected-area-project-lac-tremblant-nord\/#breadcrumb","itemListElement":[{"@type":"ListItem","position":1,"name":"Home","item":"https:\/\/lac-tremblant-nord.qc.ca\/en\/home-2-2\/"},{"@type":"ListItem","position":2,"name":"Protected Area Project &#8211; Lac-Tremblant-Nord"}]},{"@type":"WebSite","@id":"https:\/\/lac-tremblant-nord.qc.ca\/#website","url":"https:\/\/lac-tremblant-nord.qc.ca\/","name":"Municipalit\u00e9 de Lac-Tremblant-Nord","description":"","potentialAction":[{"@type":"SearchAction","target":{"@type":"EntryPoint","urlTemplate":"https:\/\/lac-tremblant-nord.qc.ca\/?s={search_term_string}"},"query-input":{"@type":"PropertyValueSpecification","valueRequired":true,"valueName":"search_term_string"}}],"inLanguage":"en-US"}]}},"_links":{"self":[{"href":"https:\/\/lac-tremblant-nord.qc.ca\/en\/wp-json\/wp\/v2\/pages\/10411","targetHints":{"allow":["GET"]}}],"collection":[{"href":"https:\/\/lac-tremblant-nord.qc.ca\/en\/wp-json\/wp\/v2\/pages"}],"about":[{"href":"https:\/\/lac-tremblant-nord.qc.ca\/en\/wp-json\/wp\/v2\/types\/page"}],"author":[{"embeddable":true,"href":"https:\/\/lac-tremblant-nord.qc.ca\/en\/wp-json\/wp\/v2\/users\/9"}],"replies":[{"embeddable":true,"href":"https:\/\/lac-tremblant-nord.qc.ca\/en\/wp-json\/wp\/v2\/comments?post=10411"}],"version-history":[{"count":11,"href":"https:\/\/lac-tremblant-nord.qc.ca\/en\/wp-json\/wp\/v2\/pages\/10411\/revisions"}],"predecessor-version":[{"id":13020,"href":"https:\/\/lac-tremblant-nord.qc.ca\/en\/wp-json\/wp\/v2\/pages\/10411\/revisions\/13020"}],"wp:attachment":[{"href":"https:\/\/lac-tremblant-nord.qc.ca\/en\/wp-json\/wp\/v2\/media?parent=10411"}],"curies":[{"name":"wp","href":"https:\/\/api.w.org\/{rel}","templated":true}]}}